{"id":546,"date":"2019-04-01T16:14:14","date_gmt":"2019-04-01T13:14:14","guid":{"rendered":"https:\/\/autovahetus.ee\/?page_id=546"},"modified":"2019-04-17T15:20:31","modified_gmt":"2019-04-17T12:20:31","slug":"auton-osto","status":"publish","type":"page","link":"https:\/\/www.autovahetus.ee\/fi\/auton-osto\/","title":{"rendered":"Auton osto"},"content":{"rendered":"\n<p><strong>Autonvaihto: AJONEUVOJEN OSTO, MYYNTI JA AUTOALAN KONSULTOINTI<\/strong><\/p>\n\n\n\n<p>Olen koko elam\u00e4ni ollut kiinnostunut autoista ja niihin liityvist\u00e4 asioista.<br><br>Olen ollut t\u00f6iss\u00e4 monissa eri autofirmoissa. N\u00e4ist\u00e4 olen saanut hyvi\u00e4 kokemuksia eri automerkeist\u00e4, sek\u00e4 autojen hyvist\u00e4 ja huonoista ominaisuuksista.&nbsp;<br><br><\/p>\n\n\n\n<p>Haluan jakaa asiakkaille pitk\u00e4n ajan kokemukset, toimin autofirmoista riippumattomana konsulttina.&nbsp;Tarjoan asiakkaille autoalan neuvontaa, konsultointia, sopimuksien tekemist\u00e4 ja kattavaa apua auton osto-, myynti- ja vaihtoprosessissa.<\/p>\n","protected":false},"excerpt":{"rendered":"<p>Autonvaihto: AJONEUVOJEN OSTO, MYYNTI JA AUTOALAN KONSULTOINTI Olen koko elam\u00e4ni ollut kiinnostunut autoista ja niihin liityvist\u00e4 asioista. Olen ollut t\u00f6iss\u00e4 monissa eri autofirmoissa. N\u00e4ist\u00e4 olen saanut hyvi\u00e4 kokemuksia eri automerkeist\u00e4, sek\u00e4 autojen hyvist\u00e4 ja huonoista ominaisuuksista.&nbsp; Haluan jakaa asiakkaille pitk\u00e4n ajan kokemukset, toimin autofirmoista riippumattomana konsulttina.&nbsp;Tarjoan asiakkaille autoalan neuvontaa, konsultointia, sopimuksien tekemist\u00e4 ja kattavaa apua [&hellip;]<\/p>\n","protected":false},"author":2,"featured_media":0,"parent":0,"menu_order":0,"comment_status":"closed","ping_status":"closed","template":"","meta":{"_acf_changed":false,"footnotes":""},"class_list":["post-546","page","type-page","status-publish","hentry","wpbf-post"],"acf":[],"yoast_head":"<!-- This site is optimized with the Yoast SEO plugin v27.4 - https:\/\/yoast.com\/product\/yoast-seo-wordpress\/ -->\n<title>Auton osto - Autovahetus.ee<\/title>\n<meta name=\"robots\" content=\"index, follow, max-snippet:-1, max-image-preview:large, max-video-preview:-1\" \/>\n<link rel=\"canonical\" href=\"https:\/\/www.autovahetus.ee\/soidukite-ost\/\" \/>\n<meta property=\"og:locale\" content=\"fi_FI\" \/>\n<meta property=\"og:type\" content=\"article\" \/>\n<meta property=\"og:title\" content=\"Auton osto - Autovahetus.ee\" \/>\n<meta property=\"og:description\" content=\"Autonvaihto: AJONEUVOJEN OSTO, MYYNTI JA AUTOALAN KONSULTOINTI Olen koko elam\u00e4ni ollut kiinnostunut autoista ja niihin liityvist\u00e4 asioista. Olen ollut t\u00f6iss\u00e4 monissa eri autofirmoissa. N\u00e4ist\u00e4 olen saanut hyvi\u00e4 kokemuksia eri automerkeist\u00e4, sek\u00e4 autojen hyvist\u00e4 ja huonoista ominaisuuksista.&nbsp; Haluan jakaa asiakkaille pitk\u00e4n ajan kokemukset, toimin autofirmoista riippumattomana konsulttina.&nbsp;Tarjoan asiakkaille autoalan neuvontaa, konsultointia, sopimuksien tekemist\u00e4 ja kattavaa apua [&hellip;]\" \/>\n<meta property=\"og:url\" content=\"https:\/\/www.autovahetus.ee\/soidukite-ost\/\" \/>\n<meta property=\"og:site_name\" content=\"Autovahetus.ee\" \/>\n<meta property=\"article:publisher\" content=\"https:\/\/www.facebook.com\/autovahetus\" \/>\n<meta property=\"article:modified_time\" content=\"2019-04-17T12:20:31+00:00\" \/>\n<meta name=\"twitter:card\" content=\"summary_large_image\" \/>\n<script type=\"application\/ld+json\" class=\"yoast-schema-graph\">{\"@context\":\"https:\\\/\\\/schema.org\",\"@graph\":[{\"@type\":\"WebPage\",\"@id\":\"https:\\\/\\\/www.autovahetus.ee\\\/soidukite-ost\\\/\",\"url\":\"https:\\\/\\\/www.autovahetus.ee\\\/soidukite-ost\\\/\",\"name\":\"Auton osto - Autovahetus.ee\",\"isPartOf\":{\"@id\":\"https:\\\/\\\/www.autovahetus.ee\\\/#website\"},\"datePublished\":\"2019-04-01T13:14:14+00:00\",\"dateModified\":\"2019-04-17T12:20:31+00:00\",\"breadcrumb\":{\"@id\":\"https:\\\/\\\/www.autovahetus.ee\\\/soidukite-ost\\\/#breadcrumb\"},\"inLanguage\":\"fi\",\"potentialAction\":[{\"@type\":\"ReadAction\",\"target\":[\"https:\\\/\\\/www.autovahetus.ee\\\/soidukite-ost\\\/\"]}]},{\"@type\":\"BreadcrumbList\",\"@id\":\"https:\\\/\\\/www.autovahetus.ee\\\/soidukite-ost\\\/#breadcrumb\",\"itemListElement\":[{\"@type\":\"ListItem\",\"position\":1,\"name\":\"Home\",\"item\":\"https:\\\/\\\/www.autovahetus.ee\\\/fi\\\/\"},{\"@type\":\"ListItem\",\"position\":2,\"name\":\"Auton osto\"}]},{\"@type\":\"WebSite\",\"@id\":\"https:\\\/\\\/www.autovahetus.ee\\\/#website\",\"url\":\"https:\\\/\\\/www.autovahetus.ee\\\/\",\"name\":\"Autovahetus.ee\",\"description\":\"\",\"publisher\":{\"@id\":\"https:\\\/\\\/www.autovahetus.ee\\\/#organization\"},\"potentialAction\":[{\"@type\":\"SearchAction\",\"target\":{\"@type\":\"EntryPoint\",\"urlTemplate\":\"https:\\\/\\\/www.autovahetus.ee\\\/?s={search_term_string}\"},\"query-input\":{\"@type\":\"PropertyValueSpecification\",\"valueRequired\":true,\"valueName\":\"search_term_string\"}}],\"inLanguage\":\"fi\"},{\"@type\":\"Organization\",\"@id\":\"https:\\\/\\\/www.autovahetus.ee\\\/#organization\",\"name\":\"Q-Cars O\u00dc\",\"url\":\"https:\\\/\\\/www.autovahetus.ee\\\/\",\"logo\":{\"@type\":\"ImageObject\",\"inLanguage\":\"fi\",\"@id\":\"https:\\\/\\\/www.autovahetus.ee\\\/#\\\/schema\\\/logo\\\/image\\\/\",\"url\":\"https:\\\/\\\/www.autovahetus.ee\\\/wp-content\\\/uploads\\\/2019\\\/03\\\/av-logo-tekstita.png\",\"contentUrl\":\"https:\\\/\\\/www.autovahetus.ee\\\/wp-content\\\/uploads\\\/2019\\\/03\\\/av-logo-tekstita.png\",\"width\":668,\"height\":300,\"caption\":\"Q-Cars O\u00dc\"},\"image\":{\"@id\":\"https:\\\/\\\/www.autovahetus.ee\\\/#\\\/schema\\\/logo\\\/image\\\/\"},\"sameAs\":[\"https:\\\/\\\/www.facebook.com\\\/autovahetus\"]}]}<\/script>\n<!-- \/ Yoast SEO plugin. -->","yoast_head_json":{"title":"Auton osto - Autovahetus.ee","robots":{"index":"index","follow":"follow","max-snippet":"max-snippet:-1","max-image-preview":"max-image-preview:large","max-video-preview":"max-video-preview:-1"},"canonical":"https:\/\/www.autovahetus.ee\/soidukite-ost\/","og_locale":"fi_FI","og_type":"article","og_title":"Auton osto - Autovahetus.ee","og_description":"Autonvaihto: AJONEUVOJEN OSTO, MYYNTI JA AUTOALAN KONSULTOINTI Olen koko elam\u00e4ni ollut kiinnostunut autoista ja niihin liityvist\u00e4 asioista. Olen ollut t\u00f6iss\u00e4 monissa eri autofirmoissa. N\u00e4ist\u00e4 olen saanut hyvi\u00e4 kokemuksia eri automerkeist\u00e4, sek\u00e4 autojen hyvist\u00e4 ja huonoista ominaisuuksista.&nbsp; Haluan jakaa asiakkaille pitk\u00e4n ajan kokemukset, toimin autofirmoista riippumattomana konsulttina.&nbsp;Tarjoan asiakkaille autoalan neuvontaa, konsultointia, sopimuksien tekemist\u00e4 ja kattavaa apua [&hellip;]","og_url":"https:\/\/www.autovahetus.ee\/soidukite-ost\/","og_site_name":"Autovahetus.ee","article_publisher":"https:\/\/www.facebook.com\/autovahetus","article_modified_time":"2019-04-17T12:20:31+00:00","twitter_card":"summary_large_image","schema":{"@context":"https:\/\/schema.org","@graph":[{"@type":"WebPage","@id":"https:\/\/www.autovahetus.ee\/soidukite-ost\/","url":"https:\/\/www.autovahetus.ee\/soidukite-ost\/","name":"Auton osto - Autovahetus.ee","isPartOf":{"@id":"https:\/\/www.autovahetus.ee\/#website"},"datePublished":"2019-04-01T13:14:14+00:00","dateModified":"2019-04-17T12:20:31+00:00","breadcrumb":{"@id":"https:\/\/www.autovahetus.ee\/soidukite-ost\/#breadcrumb"},"inLanguage":"fi","potentialAction":[{"@type":"ReadAction","target":["https:\/\/www.autovahetus.ee\/soidukite-ost\/"]}]},{"@type":"BreadcrumbList","@id":"https:\/\/www.autovahetus.ee\/soidukite-ost\/#breadcrumb","itemListElement":[{"@type":"ListItem","position":1,"name":"Home","item":"https:\/\/www.autovahetus.ee\/fi\/"},{"@type":"ListItem","position":2,"name":"Auton osto"}]},{"@type":"WebSite","@id":"https:\/\/www.autovahetus.ee\/#website","url":"https:\/\/www.autovahetus.ee\/","name":"Autovahetus.ee","description":"","publisher":{"@id":"https:\/\/www.autovahetus.ee\/#organization"},"potentialAction":[{"@type":"SearchAction","target":{"@type":"EntryPoint","urlTemplate":"https:\/\/www.autovahetus.ee\/?s={search_term_string}"},"query-input":{"@type":"PropertyValueSpecification","valueRequired":true,"valueName":"search_term_string"}}],"inLanguage":"fi"},{"@type":"Organization","@id":"https:\/\/www.autovahetus.ee\/#organization","name":"Q-Cars O\u00dc","url":"https:\/\/www.autovahetus.ee\/","logo":{"@type":"ImageObject","inLanguage":"fi","@id":"https:\/\/www.autovahetus.ee\/#\/schema\/logo\/image\/","url":"https:\/\/www.autovahetus.ee\/wp-content\/uploads\/2019\/03\/av-logo-tekstita.png","contentUrl":"https:\/\/www.autovahetus.ee\/wp-content\/uploads\/2019\/03\/av-logo-tekstita.png","width":668,"height":300,"caption":"Q-Cars O\u00dc"},"image":{"@id":"https:\/\/www.autovahetus.ee\/#\/schema\/logo\/image\/"},"sameAs":["https:\/\/www.facebook.com\/autovahetus"]}]}},"_links":{"self":[{"href":"https:\/\/www.autovahetus.ee\/fi\/wp-json\/wp\/v2\/pages\/546","targetHints":{"allow":["GET"]}}],"collection":[{"href":"https:\/\/www.autovahetus.ee\/fi\/wp-json\/wp\/v2\/pages"}],"about":[{"href":"https:\/\/www.autovahetus.ee\/fi\/wp-json\/wp\/v2\/types\/page"}],"author":[{"embeddable":true,"href":"https:\/\/www.autovahetus.ee\/fi\/wp-json\/wp\/v2\/users\/2"}],"replies":[{"embeddable":true,"href":"https:\/\/www.autovahetus.ee\/fi\/wp-json\/wp\/v2\/comments?post=546"}],"version-history":[{"count":0,"href":"https:\/\/www.autovahetus.ee\/fi\/wp-json\/wp\/v2\/pages\/546\/revisions"}],"wp:attachment":[{"href":"https:\/\/www.autovahetus.ee\/fi\/wp-json\/wp\/v2\/media?parent=546"}],"curies":[{"name":"wp","href":"https:\/\/api.w.org\/{rel}","templated":true}]}}