{"id":605,"date":"2019-04-17T15:57:13","date_gmt":"2019-04-17T12:57:13","guid":{"rendered":"https:\/\/autovahetus.ee\/?page_id=605"},"modified":"2026-03-05T11:56:09","modified_gmt":"2026-03-05T09:56:09","slug":"hinnasto","status":"publish","type":"page","link":"https:\/\/www.autovahetus.ee\/fi\/hinnasto\/","title":{"rendered":"Hinnasto"},"content":{"rendered":"\t\t<div data-elementor-type=\"wp-post\" data-elementor-id=\"605\" class=\"elementor elementor-605 elementor-237\" data-elementor-post-type=\"page\">\n\t\t\t\t\t\t<section class=\"elementor-section elementor-top-section elementor-element elementor-element-8e45582 elementor-section-boxed elementor-section-height-default elementor-section-height-default\" data-id=\"8e45582\" data-element_type=\"section\" data-e-type=\"section\" data-settings=\"{&quot;jet_parallax_layout_list&quot;:[{&quot;jet_parallax_layout_image&quot;:{&quot;url&quot;:&quot;&quot;,&quot;id&quot;:&quot;&quot;,&quot;size&quot;:&quot;&quot;},&quot;_id&quot;:&quot;a6a70bf&quot;,&quot;jet_parallax_layout_image_tablet&quot;:{&quot;url&quot;:&quot;&quot;,&quot;id&quot;:&quot;&quot;,&quot;size&quot;:&quot;&quot;},&quot;jet_parallax_layout_image_mobile&quot;:{&quot;url&quot;:&quot;&quot;,&quot;id&quot;:&quot;&quot;,&quot;size&quot;:&quot;&quot;},&quot;jet_parallax_layout_speed&quot;:{&quot;unit&quot;:&quot;%&quot;,&quot;size&quot;:50,&quot;sizes&quot;:[]},&quot;jet_parallax_layout_type&quot;:&quot;scroll&quot;,&quot;jet_parallax_layout_z_index&quot;:&quot;&quot;,&quot;jet_parallax_layout_bg_x&quot;:50,&quot;jet_parallax_layout_bg_y&quot;:50,&quot;jet_parallax_layout_bg_size&quot;:&quot;auto&quot;,&quot;jet_parallax_layout_animation_prop&quot;:&quot;transform&quot;,&quot;jet_parallax_layout_on&quot;:[&quot;desktop&quot;,&quot;tablet&quot;],&quot;jet_parallax_layout_direction&quot;:&quot;1&quot;,&quot;jet_parallax_layout_fx_direction&quot;:null,&quot;jet_parallax_layout_bg_x_tablet&quot;:&quot;&quot;,&quot;jet_parallax_layout_bg_x_mobile&quot;:&quot;&quot;,&quot;jet_parallax_layout_bg_y_tablet&quot;:&quot;&quot;,&quot;jet_parallax_layout_bg_y_mobile&quot;:&quot;&quot;,&quot;jet_parallax_layout_bg_size_tablet&quot;:&quot;&quot;,&quot;jet_parallax_layout_bg_size_mobile&quot;:&quot;&quot;}]}\">\n\t\t\t\t\t\t<div class=\"elementor-container elementor-column-gap-default\">\n\t\t\t\t\t<div class=\"elementor-column elementor-col-100 elementor-top-column elementor-element elementor-element-b053373\" data-id=\"b053373\" data-element_type=\"column\" data-e-type=\"column\">\n\t\t\t<div class=\"elementor-widget-wrap elementor-element-populated\">\n\t\t\t\t\t\t<div class=\"elementor-element elementor-element-7c6d76d elementor-widget elementor-widget-text-editor\" data-id=\"7c6d76d\" data-element_type=\"widget\" data-e-type=\"widget\" data-widget_type=\"text-editor.default\">\n\t\t\t\t<div class=\"elementor-widget-container\">\n\t\t\t\t\t\t\t\t\t<p>Hinnasto<\/p><p><strong>Autojen kuvaaminen &#8211; alkaen \u20ac20<\/strong><\/p><p><strong>Autojen k\u00e4sinpesu talvisin &#8211; \u20ac16<\/strong><\/p><p>sis\u00e4lt\u00e4\u00e4:<\/p><ul><li>Pien poistoainetta<\/li><li>Painepesu<\/li><li>Ovien v\u00e4lien pesu<\/li><li>Aktiivinen vaahtopesu<\/li><li>Vanteiden ja renkaiden pesu<\/li><li>Yleisvaha<\/li><li>Huuhtelu<\/li><li>Kuivaus<\/li><li>Renkaiden kiillottaminen<\/li><\/ul><p><strong>Autojen vikojen tarkastus &#8211; \u20ac22<\/strong><\/p><p>sis\u00e4lt\u00e4\u00e4:<\/p><ul><li>Alustan tarkastus<\/li><li>Korin osien tarkastus<\/li><li>Moottorin CO-pitoisuuksien valvonta (mahdollisesti)<\/li><li>Yleisen teknisen kunnon arviointi<\/li><\/ul><p><strong>Autojen komissio 5-10 % auton hinnasta<\/strong><\/p>\t\t\t\t\t\t\t\t<\/div>\n\t\t\t\t<\/div>\n\t\t\t\t\t<\/div>\n\t\t<\/div>\n\t\t\t\t\t<\/div>\n\t\t<\/section>\n\t\t\t\t<\/div>\n\t\t","protected":false},"excerpt":{"rendered":"<p>Hinnasto Autojen kuvaaminen &#8211; alkaen \u20ac20 Autojen k\u00e4sinpesu talvisin &#8211; \u20ac16 sis\u00e4lt\u00e4\u00e4: Pien poistoainetta Painepesu Ovien v\u00e4lien pesu Aktiivinen vaahtopesu Vanteiden ja renkaiden pesu Yleisvaha Huuhtelu Kuivaus Renkaiden kiillottaminen Autojen vikojen tarkastus &#8211; \u20ac22 sis\u00e4lt\u00e4\u00e4: Alustan tarkastus Korin osien tarkastus Moottorin CO-pitoisuuksien valvonta (mahdollisesti) Yleisen teknisen kunnon arviointi Autojen komissio 5-10 % auton hinnasta<\/p>\n","protected":false},"author":1,"featured_media":0,"parent":0,"menu_order":0,"comment_status":"closed","ping_status":"closed","template":"","meta":{"_acf_changed":false,"footnotes":""},"class_list":["post-605","page","type-page","status-publish","hentry","wpbf-post"],"acf":[],"yoast_head":"<!-- This site is optimized with the Yoast SEO plugin v27.4 - https:\/\/yoast.com\/product\/yoast-seo-wordpress\/ -->\n<title>Hinnasto - Autovahetus.ee<\/title>\n<meta name=\"description\" content=\"Autojen kuvaaminen \u2013 alkaen \u20ac20Autojen k\u00e4sinpesu talvisin \u2013 \u20ac16sis\u00e4lt\u00e4\u00e4:Pien poistoainettaPainepesuOvien v\u00e4lien pesuAktiivinen vaahtopesuVanteiden ja renkaiden pesuYleisvahaHuuhteluKuivausRenkaiden kiillottaminenAutojen vikojen tarkastus \u2013 \u20ac22sis\u00e4lt\u00e4\u00e4:Alustan tarkastusKorin osien tarkastusMoottorin CO-pitoisuuksien valvonta (mahdollisesti)Yleisen teknisen kunnon arviointi\" \/>\n<meta name=\"robots\" content=\"index, follow, max-snippet:-1, max-image-preview:large, max-video-preview:-1\" \/>\n<link rel=\"canonical\" href=\"https:\/\/www.autovahetus.ee\/fi\/hinnasto\/\" \/>\n<meta property=\"og:locale\" content=\"fi_FI\" \/>\n<meta property=\"og:type\" content=\"article\" \/>\n<meta property=\"og:title\" content=\"Hinnasto - Autovahetus.ee\" \/>\n<meta property=\"og:description\" content=\"Autojen kuvaaminen \u2013 alkaen \u20ac20Autojen k\u00e4sinpesu talvisin \u2013 \u20ac16sis\u00e4lt\u00e4\u00e4:Pien poistoainettaPainepesuOvien v\u00e4lien pesuAktiivinen vaahtopesuVanteiden ja renkaiden pesuYleisvahaHuuhteluKuivausRenkaiden kiillottaminenAutojen vikojen tarkastus \u2013 \u20ac22sis\u00e4lt\u00e4\u00e4:Alustan tarkastusKorin osien tarkastusMoottorin CO-pitoisuuksien valvonta (mahdollisesti)Yleisen teknisen kunnon arviointi\" \/>\n<meta property=\"og:url\" content=\"https:\/\/www.autovahetus.ee\/fi\/hinnasto\/\" \/>\n<meta property=\"og:site_name\" content=\"Autovahetus.ee\" \/>\n<meta property=\"article:publisher\" content=\"https:\/\/www.facebook.com\/autovahetus\" \/>\n<meta property=\"article:modified_time\" content=\"2026-03-05T09:56:09+00:00\" \/>\n<meta name=\"twitter:card\" content=\"summary_large_image\" \/>\n<script type=\"application\/ld+json\" class=\"yoast-schema-graph\">{\"@context\":\"https:\\\/\\\/schema.org\",\"@graph\":[{\"@type\":\"WebPage\",\"@id\":\"https:\\\/\\\/www.autovahetus.ee\\\/fi\\\/hinnasto\\\/\",\"url\":\"https:\\\/\\\/www.autovahetus.ee\\\/fi\\\/hinnasto\\\/\",\"name\":\"Hinnasto - Autovahetus.ee\",\"isPartOf\":{\"@id\":\"https:\\\/\\\/www.autovahetus.ee\\\/#website\"},\"datePublished\":\"2019-04-17T12:57:13+00:00\",\"dateModified\":\"2026-03-05T09:56:09+00:00\",\"description\":\"Autojen kuvaaminen \u2013 alkaen \u20ac20Autojen k\u00e4sinpesu talvisin \u2013 \u20ac16sis\u00e4lt\u00e4\u00e4:Pien poistoainettaPainepesuOvien v\u00e4lien pesuAktiivinen vaahtopesuVanteiden ja renkaiden pesuYleisvahaHuuhteluKuivausRenkaiden kiillottaminenAutojen vikojen tarkastus \u2013 \u20ac22sis\u00e4lt\u00e4\u00e4:Alustan tarkastusKorin osien tarkastusMoottorin CO-pitoisuuksien valvonta (mahdollisesti)Yleisen teknisen kunnon arviointi\",\"breadcrumb\":{\"@id\":\"https:\\\/\\\/www.autovahetus.ee\\\/fi\\\/hinnasto\\\/#breadcrumb\"},\"inLanguage\":\"fi\",\"potentialAction\":[{\"@type\":\"ReadAction\",\"target\":[\"https:\\\/\\\/www.autovahetus.ee\\\/fi\\\/hinnasto\\\/\"]}]},{\"@type\":\"BreadcrumbList\",\"@id\":\"https:\\\/\\\/www.autovahetus.ee\\\/fi\\\/hinnasto\\\/#breadcrumb\",\"itemListElement\":[{\"@type\":\"ListItem\",\"position\":1,\"name\":\"Home\",\"item\":\"https:\\\/\\\/www.autovahetus.ee\\\/fi\\\/\"},{\"@type\":\"ListItem\",\"position\":2,\"name\":\"Hinnasto\"}]},{\"@type\":\"WebSite\",\"@id\":\"https:\\\/\\\/www.autovahetus.ee\\\/#website\",\"url\":\"https:\\\/\\\/www.autovahetus.ee\\\/\",\"name\":\"Autovahetus.ee\",\"description\":\"\",\"publisher\":{\"@id\":\"https:\\\/\\\/www.autovahetus.ee\\\/#organization\"},\"potentialAction\":[{\"@type\":\"SearchAction\",\"target\":{\"@type\":\"EntryPoint\",\"urlTemplate\":\"https:\\\/\\\/www.autovahetus.ee\\\/?s={search_term_string}\"},\"query-input\":{\"@type\":\"PropertyValueSpecification\",\"valueRequired\":true,\"valueName\":\"search_term_string\"}}],\"inLanguage\":\"fi\"},{\"@type\":\"Organization\",\"@id\":\"https:\\\/\\\/www.autovahetus.ee\\\/#organization\",\"name\":\"Q-Cars O\u00dc\",\"url\":\"https:\\\/\\\/www.autovahetus.ee\\\/\",\"logo\":{\"@type\":\"ImageObject\",\"inLanguage\":\"fi\",\"@id\":\"https:\\\/\\\/www.autovahetus.ee\\\/#\\\/schema\\\/logo\\\/image\\\/\",\"url\":\"https:\\\/\\\/www.autovahetus.ee\\\/wp-content\\\/uploads\\\/2019\\\/03\\\/av-logo-tekstita.png\",\"contentUrl\":\"https:\\\/\\\/www.autovahetus.ee\\\/wp-content\\\/uploads\\\/2019\\\/03\\\/av-logo-tekstita.png\",\"width\":668,\"height\":300,\"caption\":\"Q-Cars O\u00dc\"},\"image\":{\"@id\":\"https:\\\/\\\/www.autovahetus.ee\\\/#\\\/schema\\\/logo\\\/image\\\/\"},\"sameAs\":[\"https:\\\/\\\/www.facebook.com\\\/autovahetus\"]}]}<\/script>\n<!-- \/ Yoast SEO plugin. -->","yoast_head_json":{"title":"Hinnasto - Autovahetus.ee","description":"Autojen kuvaaminen \u2013 alkaen \u20ac20Autojen k\u00e4sinpesu talvisin \u2013 \u20ac16sis\u00e4lt\u00e4\u00e4:Pien poistoainettaPainepesuOvien v\u00e4lien pesuAktiivinen vaahtopesuVanteiden ja renkaiden pesuYleisvahaHuuhteluKuivausRenkaiden kiillottaminenAutojen vikojen tarkastus \u2013 \u20ac22sis\u00e4lt\u00e4\u00e4:Alustan tarkastusKorin osien tarkastusMoottorin CO-pitoisuuksien valvonta (mahdollisesti)Yleisen teknisen kunnon arviointi","robots":{"index":"index","follow":"follow","max-snippet":"max-snippet:-1","max-image-preview":"max-image-preview:large","max-video-preview":"max-video-preview:-1"},"canonical":"https:\/\/www.autovahetus.ee\/fi\/hinnasto\/","og_locale":"fi_FI","og_type":"article","og_title":"Hinnasto - Autovahetus.ee","og_description":"Autojen kuvaaminen \u2013 alkaen \u20ac20Autojen k\u00e4sinpesu talvisin \u2013 \u20ac16sis\u00e4lt\u00e4\u00e4:Pien poistoainettaPainepesuOvien v\u00e4lien pesuAktiivinen vaahtopesuVanteiden ja renkaiden pesuYleisvahaHuuhteluKuivausRenkaiden kiillottaminenAutojen vikojen tarkastus \u2013 \u20ac22sis\u00e4lt\u00e4\u00e4:Alustan tarkastusKorin osien tarkastusMoottorin CO-pitoisuuksien valvonta (mahdollisesti)Yleisen teknisen kunnon arviointi","og_url":"https:\/\/www.autovahetus.ee\/fi\/hinnasto\/","og_site_name":"Autovahetus.ee","article_publisher":"https:\/\/www.facebook.com\/autovahetus","article_modified_time":"2026-03-05T09:56:09+00:00","twitter_card":"summary_large_image","schema":{"@context":"https:\/\/schema.org","@graph":[{"@type":"WebPage","@id":"https:\/\/www.autovahetus.ee\/fi\/hinnasto\/","url":"https:\/\/www.autovahetus.ee\/fi\/hinnasto\/","name":"Hinnasto - Autovahetus.ee","isPartOf":{"@id":"https:\/\/www.autovahetus.ee\/#website"},"datePublished":"2019-04-17T12:57:13+00:00","dateModified":"2026-03-05T09:56:09+00:00","description":"Autojen kuvaaminen \u2013 alkaen \u20ac20Autojen k\u00e4sinpesu talvisin \u2013 \u20ac16sis\u00e4lt\u00e4\u00e4:Pien poistoainettaPainepesuOvien v\u00e4lien pesuAktiivinen vaahtopesuVanteiden ja renkaiden pesuYleisvahaHuuhteluKuivausRenkaiden kiillottaminenAutojen vikojen tarkastus \u2013 \u20ac22sis\u00e4lt\u00e4\u00e4:Alustan tarkastusKorin osien tarkastusMoottorin CO-pitoisuuksien valvonta (mahdollisesti)Yleisen teknisen kunnon arviointi","breadcrumb":{"@id":"https:\/\/www.autovahetus.ee\/fi\/hinnasto\/#breadcrumb"},"inLanguage":"fi","potentialAction":[{"@type":"ReadAction","target":["https:\/\/www.autovahetus.ee\/fi\/hinnasto\/"]}]},{"@type":"BreadcrumbList","@id":"https:\/\/www.autovahetus.ee\/fi\/hinnasto\/#breadcrumb","itemListElement":[{"@type":"ListItem","position":1,"name":"Home","item":"https:\/\/www.autovahetus.ee\/fi\/"},{"@type":"ListItem","position":2,"name":"Hinnasto"}]},{"@type":"WebSite","@id":"https:\/\/www.autovahetus.ee\/#website","url":"https:\/\/www.autovahetus.ee\/","name":"Autovahetus.ee","description":"","publisher":{"@id":"https:\/\/www.autovahetus.ee\/#organization"},"potentialAction":[{"@type":"SearchAction","target":{"@type":"EntryPoint","urlTemplate":"https:\/\/www.autovahetus.ee\/?s={search_term_string}"},"query-input":{"@type":"PropertyValueSpecification","valueRequired":true,"valueName":"search_term_string"}}],"inLanguage":"fi"},{"@type":"Organization","@id":"https:\/\/www.autovahetus.ee\/#organization","name":"Q-Cars O\u00dc","url":"https:\/\/www.autovahetus.ee\/","logo":{"@type":"ImageObject","inLanguage":"fi","@id":"https:\/\/www.autovahetus.ee\/#\/schema\/logo\/image\/","url":"https:\/\/www.autovahetus.ee\/wp-content\/uploads\/2019\/03\/av-logo-tekstita.png","contentUrl":"https:\/\/www.autovahetus.ee\/wp-content\/uploads\/2019\/03\/av-logo-tekstita.png","width":668,"height":300,"caption":"Q-Cars O\u00dc"},"image":{"@id":"https:\/\/www.autovahetus.ee\/#\/schema\/logo\/image\/"},"sameAs":["https:\/\/www.facebook.com\/autovahetus"]}]}},"_links":{"self":[{"href":"https:\/\/www.autovahetus.ee\/fi\/wp-json\/wp\/v2\/pages\/605","targetHints":{"allow":["GET"]}}],"collection":[{"href":"https:\/\/www.autovahetus.ee\/fi\/wp-json\/wp\/v2\/pages"}],"about":[{"href":"https:\/\/www.autovahetus.ee\/fi\/wp-json\/wp\/v2\/types\/page"}],"author":[{"embeddable":true,"href":"https:\/\/www.autovahetus.ee\/fi\/wp-json\/wp\/v2\/users\/1"}],"replies":[{"embeddable":true,"href":"https:\/\/www.autovahetus.ee\/fi\/wp-json\/wp\/v2\/comments?post=605"}],"version-history":[{"count":1,"href":"https:\/\/www.autovahetus.ee\/fi\/wp-json\/wp\/v2\/pages\/605\/revisions"}],"predecessor-version":[{"id":1352,"href":"https:\/\/www.autovahetus.ee\/fi\/wp-json\/wp\/v2\/pages\/605\/revisions\/1352"}],"wp:attachment":[{"href":"https:\/\/www.autovahetus.ee\/fi\/wp-json\/wp\/v2\/media?parent=605"}],"curies":[{"name":"wp","href":"https:\/\/api.w.org\/{rel}","templated":true}]}}