{"id":611,"date":"2019-04-17T16:32:57","date_gmt":"2019-04-17T13:32:57","guid":{"rendered":"https:\/\/autovahetus.ee\/?page_id=611"},"modified":"2019-04-17T16:36:56","modified_gmt":"2019-04-17T13:36:56","slug":"palvelut","status":"publish","type":"page","link":"https:\/\/www.autovahetus.ee\/fi\/palvelut\/","title":{"rendered":"Palvelut"},"content":{"rendered":"\t\t<div data-elementor-type=\"wp-post\" data-elementor-id=\"611\" class=\"elementor elementor-611 elementor-234\" data-elementor-post-type=\"page\">\n\t\t\t\t\t\t<section class=\"elementor-section elementor-top-section elementor-element elementor-element-22962664 elementor-section-boxed elementor-section-height-default elementor-section-height-default\" data-id=\"22962664\" data-element_type=\"section\" data-e-type=\"section\" data-settings=\"{&quot;jet_parallax_layout_list&quot;:[{&quot;jet_parallax_layout_image&quot;:{&quot;url&quot;:&quot;&quot;,&quot;id&quot;:&quot;&quot;,&quot;size&quot;:&quot;&quot;},&quot;_id&quot;:&quot;7d38c0b&quot;,&quot;jet_parallax_layout_image_tablet&quot;:{&quot;url&quot;:&quot;&quot;,&quot;id&quot;:&quot;&quot;,&quot;size&quot;:&quot;&quot;},&quot;jet_parallax_layout_image_mobile&quot;:{&quot;url&quot;:&quot;&quot;,&quot;id&quot;:&quot;&quot;,&quot;size&quot;:&quot;&quot;},&quot;jet_parallax_layout_speed&quot;:{&quot;unit&quot;:&quot;%&quot;,&quot;size&quot;:50,&quot;sizes&quot;:[]},&quot;jet_parallax_layout_type&quot;:&quot;scroll&quot;,&quot;jet_parallax_layout_z_index&quot;:&quot;&quot;,&quot;jet_parallax_layout_bg_x&quot;:50,&quot;jet_parallax_layout_bg_y&quot;:50,&quot;jet_parallax_layout_bg_size&quot;:&quot;auto&quot;,&quot;jet_parallax_layout_animation_prop&quot;:&quot;transform&quot;,&quot;jet_parallax_layout_on&quot;:[&quot;desktop&quot;,&quot;tablet&quot;],&quot;jet_parallax_layout_direction&quot;:&quot;1&quot;,&quot;jet_parallax_layout_fx_direction&quot;:null,&quot;jet_parallax_layout_bg_x_tablet&quot;:&quot;&quot;,&quot;jet_parallax_layout_bg_x_mobile&quot;:&quot;&quot;,&quot;jet_parallax_layout_bg_y_tablet&quot;:&quot;&quot;,&quot;jet_parallax_layout_bg_y_mobile&quot;:&quot;&quot;,&quot;jet_parallax_layout_bg_size_tablet&quot;:&quot;&quot;,&quot;jet_parallax_layout_bg_size_mobile&quot;:&quot;&quot;}]}\">\n\t\t\t\t\t\t<div class=\"elementor-container elementor-column-gap-default\">\n\t\t\t\t\t<div class=\"elementor-column elementor-col-100 elementor-top-column elementor-element elementor-element-30cbc543\" data-id=\"30cbc543\" data-element_type=\"column\" data-e-type=\"column\">\n\t\t\t<div class=\"elementor-widget-wrap elementor-element-populated\">\n\t\t\t\t\t\t<div class=\"elementor-element elementor-element-3a2a522d elementor-widget elementor-widget-text-editor\" data-id=\"3a2a522d\" data-element_type=\"widget\" data-e-type=\"widget\" data-widget_type=\"text-editor.default\">\n\t\t\t\t<div class=\"elementor-widget-container\">\n\t\t\t\t\t\t\t\t\t\n<h2 class=\"wp-block-heading\"><strong>Arvokkain omaisuus<\/strong><\/h2>\n\n<p>Kun haluat s\u00e4\u00e4st\u00e4\u00e4 omaa aikaasi autan sinua tekem\u00e4\u00e4n oikeita p\u00e4\u00e4t\u00f6ksi\u00e4 automarkkinoilla ja niihin liityviss\u00e4 kysymyksiss\u00e4.<\/p>\n\n<h2 class=\"wp-block-heading\">Oma auto<\/h2>\n\n<p>Loputon valikoima autoja: kauniita ja rumia, k\u00e4yt\u00e4nn\u00f6llisi\u00e4 ja urheilullisia, manuaali-ja automaattivaihteisto, sinisi\u00e4 ja punaisia, pieni\u00e4 ja suuria jne..<br \/><br \/>Mutta mik\u00e4 on oikea juuri sinulle? Mik\u00e4 n\u00e4ist\u00e4 niveltyy parhaiten Sinun eluvajadustega ja vastaa k\u00e4sityst\u00e4 &#8221;autoni&#8221;?<\/p>\n\n<h2 class=\"wp-block-heading\">Sopiva palveluntarjoajan<\/h2>\n\n<p><br \/>Vaikea l\u00f6yt\u00e4\u00e4 sopivaa palveluntarjoajaa tai my\u00f6s aikaa ajoneuvon huoltoon ja korjaukseen, sis\u00e4-v\u00e4lispesuks, kemialliseen puhdistukseen tai kiillotukseen.<br \/><br \/>Autan valita sopivan palveluntarjoajan ja halutessaan kaikki palvelut auton huoltoon \/ pesulassa levitt\u00e4misen ja tuotantoon.<\/p>\n\n<h2 class=\"wp-block-heading\"><strong>Tehokas myynti<\/strong><\/h2>\n\n<p>Tai sinulla jo uusi auto valittu, mutta vanha myyntiin on ongelmia?<br \/>Tunnetusti tehokas myynti edellytt\u00e4\u00e4 jatkuvaa harjoittamista, ilmoitusten p\u00e4ivitt\u00e4mist\u00e4, auto myyntij\u00e4rjestelm\u00e4\u00e4 asettamista, asiakkaille jne. osoitus.<br \/>T\u00e4ss\u00e4kin voin ojentaa auttavan k\u00e4tens\u00e4 h\u00e4nen.<\/p>\n\n<h2 class=\"wp-block-heading\"><strong>Ammattimainen neuvonta<\/strong><\/h2>\n\n<p>Asiakas ammattimainen neuvonta ja konsultointi.<br \/>*\u00a0Tuen sopimuksia.<\/p>\n\n<p>*\u00a0Huoleton autodokumentide esitystavasta.<\/p>\n\t\t\t\t\t\t\t\t<\/div>\n\t\t\t\t<\/div>\n\t\t\t\t\t<\/div>\n\t\t<\/div>\n\t\t\t\t\t<\/div>\n\t\t<\/section>\n\t\t\t\t<\/div>\n\t\t","protected":false},"excerpt":{"rendered":"<p>Arvokkain omaisuus Kun haluat s\u00e4\u00e4st\u00e4\u00e4 omaa aikaasi autan sinua tekem\u00e4\u00e4n oikeita p\u00e4\u00e4t\u00f6ksi\u00e4 automarkkinoilla ja niihin liityviss\u00e4 kysymyksiss\u00e4. Oma auto Loputon valikoima autoja: kauniita ja rumia, k\u00e4yt\u00e4nn\u00f6llisi\u00e4 ja urheilullisia, manuaali-ja automaattivaihteisto, sinisi\u00e4 ja punaisia, pieni\u00e4 ja suuria jne.. Mutta mik\u00e4 on oikea juuri sinulle? Mik\u00e4 n\u00e4ist\u00e4 niveltyy parhaiten Sinun eluvajadustega ja vastaa k\u00e4sityst\u00e4 &#8221;autoni&#8221;? Sopiva palveluntarjoajan [&hellip;]<\/p>\n","protected":false},"author":2,"featured_media":0,"parent":0,"menu_order":0,"comment_status":"closed","ping_status":"closed","template":"","meta":{"_acf_changed":false,"footnotes":""},"class_list":["post-611","page","type-page","status-publish","hentry","wpbf-post"],"acf":[],"yoast_head":"<!-- This site is optimized with the Yoast SEO plugin v27.4 - https:\/\/yoast.com\/product\/yoast-seo-wordpress\/ -->\n<title>Palvelut - Autovahetus.ee<\/title>\n<meta name=\"robots\" content=\"index, follow, max-snippet:-1, max-image-preview:large, max-video-preview:-1\" \/>\n<link rel=\"canonical\" href=\"https:\/\/www.autovahetus.ee\/teenused\/\" \/>\n<meta property=\"og:locale\" content=\"fi_FI\" \/>\n<meta property=\"og:type\" content=\"article\" \/>\n<meta property=\"og:title\" content=\"Palvelut - Autovahetus.ee\" \/>\n<meta property=\"og:description\" content=\"Arvokkain omaisuus Kun haluat s\u00e4\u00e4st\u00e4\u00e4 omaa aikaasi autan sinua tekem\u00e4\u00e4n oikeita p\u00e4\u00e4t\u00f6ksi\u00e4 automarkkinoilla ja niihin liityviss\u00e4 kysymyksiss\u00e4. Oma auto Loputon valikoima autoja: kauniita ja rumia, k\u00e4yt\u00e4nn\u00f6llisi\u00e4 ja urheilullisia, manuaali-ja automaattivaihteisto, sinisi\u00e4 ja punaisia, pieni\u00e4 ja suuria jne.. Mutta mik\u00e4 on oikea juuri sinulle? Mik\u00e4 n\u00e4ist\u00e4 niveltyy parhaiten Sinun eluvajadustega ja vastaa k\u00e4sityst\u00e4 &#8221;autoni&#8221;? Sopiva palveluntarjoajan [&hellip;]\" \/>\n<meta property=\"og:url\" content=\"https:\/\/www.autovahetus.ee\/teenused\/\" \/>\n<meta property=\"og:site_name\" content=\"Autovahetus.ee\" \/>\n<meta property=\"article:publisher\" content=\"https:\/\/www.facebook.com\/autovahetus\" \/>\n<meta property=\"article:modified_time\" content=\"2019-04-17T13:36:56+00:00\" \/>\n<meta name=\"twitter:card\" content=\"summary_large_image\" \/>\n<meta name=\"twitter:label1\" content=\"Arvioitu lukuaika\" \/>\n\t<meta name=\"twitter:data1\" content=\"1 minuutti\" \/>\n<script type=\"application\/ld+json\" class=\"yoast-schema-graph\">{\"@context\":\"https:\\\/\\\/schema.org\",\"@graph\":[{\"@type\":\"WebPage\",\"@id\":\"https:\\\/\\\/www.autovahetus.ee\\\/teenused\\\/\",\"url\":\"https:\\\/\\\/www.autovahetus.ee\\\/teenused\\\/\",\"name\":\"Palvelut - Autovahetus.ee\",\"isPartOf\":{\"@id\":\"https:\\\/\\\/www.autovahetus.ee\\\/#website\"},\"datePublished\":\"2019-04-17T13:32:57+00:00\",\"dateModified\":\"2019-04-17T13:36:56+00:00\",\"breadcrumb\":{\"@id\":\"https:\\\/\\\/www.autovahetus.ee\\\/teenused\\\/#breadcrumb\"},\"inLanguage\":\"fi\",\"potentialAction\":[{\"@type\":\"ReadAction\",\"target\":[\"https:\\\/\\\/www.autovahetus.ee\\\/teenused\\\/\"]}]},{\"@type\":\"BreadcrumbList\",\"@id\":\"https:\\\/\\\/www.autovahetus.ee\\\/teenused\\\/#breadcrumb\",\"itemListElement\":[{\"@type\":\"ListItem\",\"position\":1,\"name\":\"Home\",\"item\":\"https:\\\/\\\/www.autovahetus.ee\\\/fi\\\/\"},{\"@type\":\"ListItem\",\"position\":2,\"name\":\"Palvelut\"}]},{\"@type\":\"WebSite\",\"@id\":\"https:\\\/\\\/www.autovahetus.ee\\\/#website\",\"url\":\"https:\\\/\\\/www.autovahetus.ee\\\/\",\"name\":\"Autovahetus.ee\",\"description\":\"\",\"publisher\":{\"@id\":\"https:\\\/\\\/www.autovahetus.ee\\\/#organization\"},\"potentialAction\":[{\"@type\":\"SearchAction\",\"target\":{\"@type\":\"EntryPoint\",\"urlTemplate\":\"https:\\\/\\\/www.autovahetus.ee\\\/?s={search_term_string}\"},\"query-input\":{\"@type\":\"PropertyValueSpecification\",\"valueRequired\":true,\"valueName\":\"search_term_string\"}}],\"inLanguage\":\"fi\"},{\"@type\":\"Organization\",\"@id\":\"https:\\\/\\\/www.autovahetus.ee\\\/#organization\",\"name\":\"Q-Cars O\u00dc\",\"url\":\"https:\\\/\\\/www.autovahetus.ee\\\/\",\"logo\":{\"@type\":\"ImageObject\",\"inLanguage\":\"fi\",\"@id\":\"https:\\\/\\\/www.autovahetus.ee\\\/#\\\/schema\\\/logo\\\/image\\\/\",\"url\":\"https:\\\/\\\/www.autovahetus.ee\\\/wp-content\\\/uploads\\\/2019\\\/03\\\/av-logo-tekstita.png\",\"contentUrl\":\"https:\\\/\\\/www.autovahetus.ee\\\/wp-content\\\/uploads\\\/2019\\\/03\\\/av-logo-tekstita.png\",\"width\":668,\"height\":300,\"caption\":\"Q-Cars O\u00dc\"},\"image\":{\"@id\":\"https:\\\/\\\/www.autovahetus.ee\\\/#\\\/schema\\\/logo\\\/image\\\/\"},\"sameAs\":[\"https:\\\/\\\/www.facebook.com\\\/autovahetus\"]}]}<\/script>\n<!-- \/ Yoast SEO plugin. -->","yoast_head_json":{"title":"Palvelut - Autovahetus.ee","robots":{"index":"index","follow":"follow","max-snippet":"max-snippet:-1","max-image-preview":"max-image-preview:large","max-video-preview":"max-video-preview:-1"},"canonical":"https:\/\/www.autovahetus.ee\/teenused\/","og_locale":"fi_FI","og_type":"article","og_title":"Palvelut - Autovahetus.ee","og_description":"Arvokkain omaisuus Kun haluat s\u00e4\u00e4st\u00e4\u00e4 omaa aikaasi autan sinua tekem\u00e4\u00e4n oikeita p\u00e4\u00e4t\u00f6ksi\u00e4 automarkkinoilla ja niihin liityviss\u00e4 kysymyksiss\u00e4. Oma auto Loputon valikoima autoja: kauniita ja rumia, k\u00e4yt\u00e4nn\u00f6llisi\u00e4 ja urheilullisia, manuaali-ja automaattivaihteisto, sinisi\u00e4 ja punaisia, pieni\u00e4 ja suuria jne.. Mutta mik\u00e4 on oikea juuri sinulle? Mik\u00e4 n\u00e4ist\u00e4 niveltyy parhaiten Sinun eluvajadustega ja vastaa k\u00e4sityst\u00e4 &#8221;autoni&#8221;? Sopiva palveluntarjoajan [&hellip;]","og_url":"https:\/\/www.autovahetus.ee\/teenused\/","og_site_name":"Autovahetus.ee","article_publisher":"https:\/\/www.facebook.com\/autovahetus","article_modified_time":"2019-04-17T13:36:56+00:00","twitter_card":"summary_large_image","twitter_misc":{"Arvioitu lukuaika":"1 minuutti"},"schema":{"@context":"https:\/\/schema.org","@graph":[{"@type":"WebPage","@id":"https:\/\/www.autovahetus.ee\/teenused\/","url":"https:\/\/www.autovahetus.ee\/teenused\/","name":"Palvelut - Autovahetus.ee","isPartOf":{"@id":"https:\/\/www.autovahetus.ee\/#website"},"datePublished":"2019-04-17T13:32:57+00:00","dateModified":"2019-04-17T13:36:56+00:00","breadcrumb":{"@id":"https:\/\/www.autovahetus.ee\/teenused\/#breadcrumb"},"inLanguage":"fi","potentialAction":[{"@type":"ReadAction","target":["https:\/\/www.autovahetus.ee\/teenused\/"]}]},{"@type":"BreadcrumbList","@id":"https:\/\/www.autovahetus.ee\/teenused\/#breadcrumb","itemListElement":[{"@type":"ListItem","position":1,"name":"Home","item":"https:\/\/www.autovahetus.ee\/fi\/"},{"@type":"ListItem","position":2,"name":"Palvelut"}]},{"@type":"WebSite","@id":"https:\/\/www.autovahetus.ee\/#website","url":"https:\/\/www.autovahetus.ee\/","name":"Autovahetus.ee","description":"","publisher":{"@id":"https:\/\/www.autovahetus.ee\/#organization"},"potentialAction":[{"@type":"SearchAction","target":{"@type":"EntryPoint","urlTemplate":"https:\/\/www.autovahetus.ee\/?s={search_term_string}"},"query-input":{"@type":"PropertyValueSpecification","valueRequired":true,"valueName":"search_term_string"}}],"inLanguage":"fi"},{"@type":"Organization","@id":"https:\/\/www.autovahetus.ee\/#organization","name":"Q-Cars O\u00dc","url":"https:\/\/www.autovahetus.ee\/","logo":{"@type":"ImageObject","inLanguage":"fi","@id":"https:\/\/www.autovahetus.ee\/#\/schema\/logo\/image\/","url":"https:\/\/www.autovahetus.ee\/wp-content\/uploads\/2019\/03\/av-logo-tekstita.png","contentUrl":"https:\/\/www.autovahetus.ee\/wp-content\/uploads\/2019\/03\/av-logo-tekstita.png","width":668,"height":300,"caption":"Q-Cars O\u00dc"},"image":{"@id":"https:\/\/www.autovahetus.ee\/#\/schema\/logo\/image\/"},"sameAs":["https:\/\/www.facebook.com\/autovahetus"]}]}},"_links":{"self":[{"href":"https:\/\/www.autovahetus.ee\/fi\/wp-json\/wp\/v2\/pages\/611","targetHints":{"allow":["GET"]}}],"collection":[{"href":"https:\/\/www.autovahetus.ee\/fi\/wp-json\/wp\/v2\/pages"}],"about":[{"href":"https:\/\/www.autovahetus.ee\/fi\/wp-json\/wp\/v2\/types\/page"}],"author":[{"embeddable":true,"href":"https:\/\/www.autovahetus.ee\/fi\/wp-json\/wp\/v2\/users\/2"}],"replies":[{"embeddable":true,"href":"https:\/\/www.autovahetus.ee\/fi\/wp-json\/wp\/v2\/comments?post=611"}],"version-history":[{"count":0,"href":"https:\/\/www.autovahetus.ee\/fi\/wp-json\/wp\/v2\/pages\/611\/revisions"}],"wp:attachment":[{"href":"https:\/\/www.autovahetus.ee\/fi\/wp-json\/wp\/v2\/media?parent=611"}],"curies":[{"name":"wp","href":"https:\/\/api.w.org\/{rel}","templated":true}]}}